{"id":604,"date":"2017-02-28T18:32:54","date_gmt":"2017-02-28T17:32:54","guid":{"rendered":"http:\/\/www.lacasagrande.net\/arcos-y-alrededores\/"},"modified":"2017-06-01T22:34:58","modified_gmt":"2017-06-01T20:34:58","slug":"arcos-and-surroundings","status":"publish","type":"page","link":"https:\/\/www.lacasagrande.net\/en\/arcos-and-surroundings\/","title":{"rendered":"Arcos and Surroundings"},"content":{"rendered":"<div class=\"wpb-content-wrapper\">[vc_row full_width=&#8221;stretch_row_content_no_spaces&#8221;][vc_column]<div class=\"vcex-module vcex-divider vcex-divider-solid vcex-divider-center wpex-mx-auto wpex-block wpex-h-0 wpex-border-b wpex-border-solid wpex-border-main\" style=\"border-color:#dddddd;\"><\/div><style>.vcex-image-grid.vcex_69f08d4121bc0{--wpex-row-gap:0px;}<\/style><div class=\"vcex-image-grid-wrap\"><div class=\"vcex-module vcex-image-grid grid-style-default wpex-row wpex-clr vcex_69f08d4121bc0\"><div class=\"id-765 vcex-image-grid-entry vcex-grid-item wpex-text-center span_1_of_7 nr-col col-1\"><figure class=\"vcex-image-grid-entry-figure wpex-last-mb-0 wpex-clr\"><div class=\"vcex-image-grid-entry-img entry-media wpex-relative wpex-mb-20\"><img width=\"525\" height=\"700\" data-src=\"https:\/\/www.lacasagrande.net\/wp-content\/uploads\/2017\/03\/arcos-05_entorno_01_m.jpg\" class=\"wpex-align-middle lazyload\" alt=\"\" decoding=\"async\" data-srcset=\"https:\/\/www.lacasagrande.net\/wp-content\/uploads\/2017\/03\/arcos-05_entorno_01_m.jpg 525w, https:\/\/www.lacasagrande.net\/wp-content\/uploads\/2017\/03\/arcos-05_entorno_01_m-225x300.jpg 225w\" data-sizes=\"auto, (max-width: 525px) 100vw, 525px\" src=\"data:image\/svg+xml;base64,PHN2ZyB3aWR0aD0iMSIgaGVpZ2h0PSIxIiB4bWxucz0iaHR0cDovL3d3dy53My5vcmcvMjAwMC9zdmciPjwvc3ZnPg==\" style=\"--smush-placeholder-width: 525px; --smush-placeholder-aspect-ratio: 525\/700;\" \/><\/div><\/figure><\/div><div class=\"id-771 vcex-image-grid-entry vcex-grid-item wpex-text-center span_1_of_7 nr-col col-2\"><figure class=\"vcex-image-grid-entry-figure wpex-last-mb-0 wpex-clr\"><div class=\"vcex-image-grid-entry-img entry-media wpex-relative wpex-mb-20\"><img width=\"525\" height=\"700\" data-src=\"https:\/\/www.lacasagrande.net\/wp-content\/uploads\/2017\/03\/arcos-05_entorno_07_m.jpg\" class=\"wpex-align-middle lazyload\" alt=\"\" decoding=\"async\" data-srcset=\"https:\/\/www.lacasagrande.net\/wp-content\/uploads\/2017\/03\/arcos-05_entorno_07_m.jpg 525w, https:\/\/www.lacasagrande.net\/wp-content\/uploads\/2017\/03\/arcos-05_entorno_07_m-225x300.jpg 225w\" data-sizes=\"auto, (max-width: 525px) 100vw, 525px\" src=\"data:image\/svg+xml;base64,PHN2ZyB3aWR0aD0iMSIgaGVpZ2h0PSIxIiB4bWxucz0iaHR0cDovL3d3dy53My5vcmcvMjAwMC9zdmciPjwvc3ZnPg==\" style=\"--smush-placeholder-width: 525px; --smush-placeholder-aspect-ratio: 525\/700;\" \/><\/div><\/figure><\/div><div class=\"id-776 vcex-image-grid-entry vcex-grid-item wpex-text-center span_1_of_7 nr-col col-3\"><figure class=\"vcex-image-grid-entry-figure wpex-last-mb-0 wpex-clr\"><div class=\"vcex-image-grid-entry-img entry-media wpex-relative wpex-mb-20\"><img width=\"525\" height=\"700\" data-src=\"https:\/\/www.lacasagrande.net\/wp-content\/uploads\/2017\/03\/arcos-05_entorno_12_m.jpg\" class=\"wpex-align-middle lazyload\" alt=\"\" decoding=\"async\" data-srcset=\"https:\/\/www.lacasagrande.net\/wp-content\/uploads\/2017\/03\/arcos-05_entorno_12_m.jpg 525w, https:\/\/www.lacasagrande.net\/wp-content\/uploads\/2017\/03\/arcos-05_entorno_12_m-225x300.jpg 225w\" data-sizes=\"auto, (max-width: 525px) 100vw, 525px\" src=\"data:image\/svg+xml;base64,PHN2ZyB3aWR0aD0iMSIgaGVpZ2h0PSIxIiB4bWxucz0iaHR0cDovL3d3dy53My5vcmcvMjAwMC9zdmciPjwvc3ZnPg==\" style=\"--smush-placeholder-width: 525px; --smush-placeholder-aspect-ratio: 525\/700;\" \/><\/div><\/figure><\/div><div class=\"id-778 vcex-image-grid-entry vcex-grid-item wpex-text-center span_1_of_7 nr-col col-4\"><figure class=\"vcex-image-grid-entry-figure wpex-last-mb-0 wpex-clr\"><div class=\"vcex-image-grid-entry-img entry-media wpex-relative wpex-mb-20\"><img width=\"525\" height=\"700\" data-src=\"https:\/\/www.lacasagrande.net\/wp-content\/uploads\/2017\/03\/arcos-05_entorno_14_m.jpg\" class=\"wpex-align-middle lazyload\" alt=\"\" decoding=\"async\" data-srcset=\"https:\/\/www.lacasagrande.net\/wp-content\/uploads\/2017\/03\/arcos-05_entorno_14_m.jpg 525w, https:\/\/www.lacasagrande.net\/wp-content\/uploads\/2017\/03\/arcos-05_entorno_14_m-225x300.jpg 225w\" data-sizes=\"auto, (max-width: 525px) 100vw, 525px\" src=\"data:image\/svg+xml;base64,PHN2ZyB3aWR0aD0iMSIgaGVpZ2h0PSIxIiB4bWxucz0iaHR0cDovL3d3dy53My5vcmcvMjAwMC9zdmciPjwvc3ZnPg==\" style=\"--smush-placeholder-width: 525px; --smush-placeholder-aspect-ratio: 525\/700;\" \/><\/div><\/figure><\/div><div class=\"id-777 vcex-image-grid-entry vcex-grid-item wpex-text-center span_1_of_7 nr-col col-5\"><figure class=\"vcex-image-grid-entry-figure wpex-last-mb-0 wpex-clr\"><div class=\"vcex-image-grid-entry-img entry-media wpex-relative wpex-mb-20\"><img width=\"525\" height=\"700\" data-src=\"https:\/\/www.lacasagrande.net\/wp-content\/uploads\/2017\/03\/arcos-05_entorno_13_m.jpg\" class=\"wpex-align-middle lazyload\" alt=\"\" decoding=\"async\" data-srcset=\"https:\/\/www.lacasagrande.net\/wp-content\/uploads\/2017\/03\/arcos-05_entorno_13_m.jpg 525w, https:\/\/www.lacasagrande.net\/wp-content\/uploads\/2017\/03\/arcos-05_entorno_13_m-225x300.jpg 225w\" data-sizes=\"auto, (max-width: 525px) 100vw, 525px\" src=\"data:image\/svg+xml;base64,PHN2ZyB3aWR0aD0iMSIgaGVpZ2h0PSIxIiB4bWxucz0iaHR0cDovL3d3dy53My5vcmcvMjAwMC9zdmciPjwvc3ZnPg==\" style=\"--smush-placeholder-width: 525px; --smush-placeholder-aspect-ratio: 525\/700;\" \/><\/div><\/figure><\/div><div class=\"id-769 vcex-image-grid-entry vcex-grid-item wpex-text-center span_1_of_7 nr-col col-6\"><figure class=\"vcex-image-grid-entry-figure wpex-last-mb-0 wpex-clr\"><div class=\"vcex-image-grid-entry-img entry-media wpex-relative wpex-mb-20\"><img width=\"525\" height=\"700\" data-src=\"https:\/\/www.lacasagrande.net\/wp-content\/uploads\/2017\/03\/arcos-05_entorno_05_m.jpg\" class=\"wpex-align-middle lazyload\" alt=\"\" decoding=\"async\" data-srcset=\"https:\/\/www.lacasagrande.net\/wp-content\/uploads\/2017\/03\/arcos-05_entorno_05_m.jpg 525w, https:\/\/www.lacasagrande.net\/wp-content\/uploads\/2017\/03\/arcos-05_entorno_05_m-225x300.jpg 225w\" data-sizes=\"auto, (max-width: 525px) 100vw, 525px\" src=\"data:image\/svg+xml;base64,PHN2ZyB3aWR0aD0iMSIgaGVpZ2h0PSIxIiB4bWxucz0iaHR0cDovL3d3dy53My5vcmcvMjAwMC9zdmciPjwvc3ZnPg==\" style=\"--smush-placeholder-width: 525px; --smush-placeholder-aspect-ratio: 525\/700;\" \/><\/div><\/figure><\/div><div class=\"id-774 vcex-image-grid-entry vcex-grid-item wpex-text-center span_1_of_7 nr-col col-7\"><figure class=\"vcex-image-grid-entry-figure wpex-last-mb-0 wpex-clr\"><div class=\"vcex-image-grid-entry-img entry-media wpex-relative wpex-mb-20\"><img width=\"525\" height=\"700\" data-src=\"https:\/\/www.lacasagrande.net\/wp-content\/uploads\/2017\/03\/arcos-05_entorno_10_m.jpg\" class=\"wpex-align-middle lazyload\" alt=\"\" decoding=\"async\" data-srcset=\"https:\/\/www.lacasagrande.net\/wp-content\/uploads\/2017\/03\/arcos-05_entorno_10_m.jpg 525w, https:\/\/www.lacasagrande.net\/wp-content\/uploads\/2017\/03\/arcos-05_entorno_10_m-225x300.jpg 225w\" data-sizes=\"auto, (max-width: 525px) 100vw, 525px\" src=\"data:image\/svg+xml;base64,PHN2ZyB3aWR0aD0iMSIgaGVpZ2h0PSIxIiB4bWxucz0iaHR0cDovL3d3dy53My5vcmcvMjAwMC9zdmciPjwvc3ZnPg==\" style=\"--smush-placeholder-width: 525px; --smush-placeholder-aspect-ratio: 525\/700;\" \/><\/div><\/figure><\/div><\/div><\/div>[vc_column_text]\n<blockquote><p>Countless walks are awaiting. The white villages &#8211; perched picturesquely along the mountain range &#8211; start with Arcos. Whitewashed landscapes and unbeatable local handmade goods<\/p><\/blockquote>\n[\/vc_column_text][\/vc_column][\/vc_row][vc_row el_class=&#8221;cg-section&#8221; el_id=&#8221;arcos&#8221;][vc_column][vc_column_text]\n<h2>Arcos de la Frontera<\/h2>\n<p>Arcos, birthplace of poets and its inspiration, deserves to be discovered slowly through leisury walks.<\/p>\n<p>The name &#8220;de la Frontera&#8221; ( of the border) reflects tha fact that for nearly three centuries &#8211; from the 13th century, when it was recovered from Moorish control, to the end of the 15th century, and the surrender of the final Moorish kingdom, Granada &#8211; Arcos was on the border between Moors and Catholics and the scene of regular skirmishes.[\/vc_column_text][vc_row_inner el_class=&#8221;reversed-column&#8221;][vc_column_inner width=&#8221;1\/2&#8243;][vc_column_text]\n<h3>The cliff<\/h3>\n<p>Arcos historical quarters are situated at the top of a hill with cliffs on both sides and fenced by the river Guadalete. It has its own particular charm.<\/p>\n<p>The town is a living memory of its own past, now reflected in its architecture and traditions (Roman remains, Moorish inheritance, its splendour during 18th century,\u2026)[\/vc_column_text][\/vc_column_inner][vc_column_inner width=&#8221;1\/2&#8243;][vc_single_image image=&#8221;304&#8243; img_size=&#8221;portfolio_entry&#8221;][\/vc_column_inner][\/vc_row_inner][\/vc_column][\/vc_row][vc_row el_class=&#8221;cg-section&#8221;][vc_column][vc_column_text]\n<h2>Trips from Arcos<\/h2>\n<p>But the privileged vantage point is that La Casa Grande not only invites you to relax and explore the quiet lanes of Arcos, but also helps you organise outings to the nearly mountains, to the coast, or to the legendary cities of Cadiz, Seville, Ronda or Jerez.[\/vc_column_text][vc_row_inner el_class=&#8221;reversed-column&#8221;][vc_column_inner width=&#8221;1\/2&#8243;][vc_column_text]\n<h3>Easter<\/h3>\n<p>Easter is a very special time in Arcos as seen in the deep devotion with which the inhabitants take part in the processions, accompanying the images of singular beauty being carried through the whitewashed streets, narrow and steep, Holy Week in Arcos is truly of outstanding interest.[\/vc_column_text][\/vc_column_inner][vc_column_inner width=&#8221;1\/2&#8243;][vc_single_image image=&#8221;314&#8243; img_size=&#8221;portfolio_entry&#8221;][\/vc_column_inner][\/vc_row_inner][vc_row_inner el_class=&#8221;reversed-column&#8221;][vc_column_inner width=&#8221;1\/2&#8243;][vc_column_text]\n<h3><strong>Ronda and Seville<\/strong><\/h3>\n<p>Ronda, located on top of an impressive deep gorge, possesses the oldest bullring in Spain and many arab remains, palaces and charming corners. It is an hour&#8217;s drive from Arcos.<\/p>\n<p>The streets of Seville abound in charming patios and handsome churches, the essence of elegance and the baroque. They also provide a tricking backdrop to the city&#8217;s vibrant and rich way of life. Seville, Andalucia&#8217;s captivating capital, never disappoints, and lies only an hour and a quarter&#8217;s drive away.[\/vc_column_text][\/vc_column_inner][vc_column_inner width=&#8221;1\/2&#8243;][vc_single_image image=&#8221;315&#8243; img_size=&#8221;portfolio_entry&#8221;][\/vc_column_inner][\/vc_row_inner][vc_row_inner el_class=&#8221;reversed-column&#8221;][vc_column_inner width=&#8221;1\/2&#8243;][vc_column_text]\n<h3>Grazalema and Alcornocales<\/h3>\n<p>The Natural Reserves of Grazalema and Alcornocales are 30 minutes away. They are natural parks of singular beauty. Species like the Spanish fir (pinsapo), cork-trees and many others are to be found in a wonderful forest that sweeps down almost to the sea. Both parks are equally rich flora and fauna. Countless walks await.[\/vc_column_text][\/vc_column_inner][vc_column_inner width=&#8221;1\/2&#8243;][vc_single_image image=&#8221;316&#8243; img_size=&#8221;portfolio_entry&#8221;][\/vc_column_inner][\/vc_row_inner][vc_row_inner el_class=&#8221;reversed-column&#8221;][vc_column_inner width=&#8221;1\/2&#8243;][vc_column_text]\n<h3>La Costa de la Luz<\/h3>\n<p>You can still find quiet beaches in the Costa de la Luz and fishing villages where you can taste freshly caught fish. Or if you prefer to explore the towns, there are many to be found &#8211; C\u00e1diz, Sanl\u00facar de Barrameda, El Puerto de Santamar\u00eda, Conil, Chipiona, Tarifa or Barbate; all full of beauty buildings.[\/vc_column_text][\/vc_column_inner][vc_column_inner width=&#8221;1\/2&#8243;][vc_single_image image=&#8221;317&#8243; img_size=&#8221;portfolio_entry&#8221;][\/vc_column_inner][\/vc_row_inner][vc_row_inner el_class=&#8221;reversed-column&#8221;][vc_column_inner width=&#8221;1\/2&#8243;][vc_column_text]\n<h3>Wine cellars<\/h3>\n<p>Jerez, Sanl\u00facar de Barrameda and El Puerto de Santamar\u00eda nurse in their cellars the famous Sherry wine &#8211; fino, manzanilla, amontillado and oloroso &#8211; have been known internationally since the Renaissance.[\/vc_column_text][\/vc_column_inner][vc_column_inner width=&#8221;1\/2&#8243;][vc_single_image image=&#8221;318&#8243; img_size=&#8221;portfolio_entry&#8221;][\/vc_column_inner][\/vc_row_inner][vc_row_inner el_class=&#8221;reversed-column&#8221;][vc_column_inner width=&#8221;1\/2&#8243;][vc_column_text]\n<h3>The ferias<\/h3>\n<p>The Ferias, that are celebrated in spring time in Seville, Jerez, El Puerto or Sanl\u00facar are other focal points of Andalucian calendar. They revolve around horses, wine, &#8216;cante&#8217; (flamenco) and dance. And keep the feria of Arcos in mind at the end of September![\/vc_column_text][\/vc_column_inner][vc_column_inner width=&#8221;1\/2&#8243;][vc_single_image image=&#8221;319&#8243; img_size=&#8221;portfolio_entry&#8221;][\/vc_column_inner][\/vc_row_inner][\/vc_column][\/vc_row]\n<\/div>","protected":false},"excerpt":{"rendered":"<p>[vc_row full_width=&#8221;stretch_row_content_no_spaces&#8221;][vc_column][vc_column_text] Countless walks are awaiting. The white villages &#8211; perched picturesquely along the mountain range &#8211; start with Arcos. Whitewashed landscapes and unbeatable local handmade goods [\/vc_column_text][\/vc_column][\/vc_row][vc_row el_class=&#8221;cg-section&#8221; el_id=&#8221;arcos&#8221;][vc_column][vc_column_text] Arcos de la Frontera Arcos, birthplace of poets and its inspiration, deserves to be discovered slowly through leisury walks. The name &#8220;de la Frontera&#8221; (&hellip;<\/p>\n","protected":false},"author":1,"featured_media":0,"parent":0,"menu_order":500,"comment_status":"closed","ping_status":"closed","template":"","meta":{"_acf_changed":false,"rs_blank_template":"","rs_page_bg_color":"","slide_template_v7":"","footnotes":""},"class_list":["post-604","page","type-page","status-publish","hentry","entry","no-media"],"acf":[],"yoast_head":"<!-- This site is optimized with the Yoast SEO plugin v27.5 - https:\/\/yoast.com\/product\/yoast-seo-wordpress\/ -->\n<title>Arcos and Surroundings - La Casa Grande<\/title>\n<meta name=\"robots\" content=\"index, follow, max-snippet:-1, max-image-preview:large, max-video-preview:-1\" \/>\n<link rel=\"canonical\" href=\"https:\/\/www.lacasagrande.net\/en\/arcos-and-surroundings\/\" \/>\n<meta property=\"og:locale\" content=\"en_US\" \/>\n<meta property=\"og:type\" content=\"article\" \/>\n<meta property=\"og:title\" content=\"Arcos and Surroundings - La Casa Grande\" \/>\n<meta property=\"og:description\" content=\"[vc_row full_width=&#8221;stretch_row_content_no_spaces&#8221;][vc_column][vc_column_text] Countless walks are awaiting. The white villages &#8211; perched picturesquely along the mountain range &#8211; start with Arcos. Whitewashed landscapes and unbeatable local handmade goods [\/vc_column_text][\/vc_column][\/vc_row][vc_row el_class=&#8221;cg-section&#8221; el_id=&#8221;arcos&#8221;][vc_column][vc_column_text] Arcos de la Frontera Arcos, birthplace of poets and its inspiration, deserves to be discovered slowly through leisury walks. The name &#8220;de la Frontera&#8221; (&hellip;\" \/>\n<meta property=\"og:url\" content=\"https:\/\/www.lacasagrande.net\/en\/arcos-and-surroundings\/\" \/>\n<meta property=\"og:site_name\" content=\"La Casa Grande\" \/>\n<meta property=\"article:publisher\" content=\"https:\/\/www.facebook.com\/La-Casa-Grande-de-Arcos-158477297524954\" \/>\n<meta property=\"article:modified_time\" content=\"2017-06-01T20:34:58+00:00\" \/>\n<meta property=\"og:image\" content=\"https:\/\/www.lacasagrande.net\/wp-content\/uploads\/2017\/03\/patio-home.jpg\" \/>\n\t<meta property=\"og:image:width\" content=\"1600\" \/>\n\t<meta property=\"og:image:height\" content=\"941\" \/>\n\t<meta property=\"og:image:type\" content=\"image\/jpeg\" \/>\n<meta name=\"twitter:card\" content=\"summary_large_image\" \/>\n<meta name=\"twitter:label1\" content=\"Est. reading time\" \/>\n\t<meta name=\"twitter:data1\" content=\"4 minutes\" \/>\n<script type=\"application\/ld+json\" class=\"yoast-schema-graph\">{\"@context\":\"https:\\\/\\\/schema.org\",\"@graph\":[{\"@type\":\"WebPage\",\"@id\":\"https:\\\/\\\/www.lacasagrande.net\\\/en\\\/arcos-and-surroundings\\\/\",\"url\":\"https:\\\/\\\/www.lacasagrande.net\\\/en\\\/arcos-and-surroundings\\\/\",\"name\":\"Arcos and Surroundings - La Casa Grande\",\"isPartOf\":{\"@id\":\"https:\\\/\\\/www.lacasagrande.net\\\/#website\"},\"datePublished\":\"2017-02-28T17:32:54+00:00\",\"dateModified\":\"2017-06-01T20:34:58+00:00\",\"breadcrumb\":{\"@id\":\"https:\\\/\\\/www.lacasagrande.net\\\/en\\\/arcos-and-surroundings\\\/#breadcrumb\"},\"inLanguage\":\"en-US\",\"potentialAction\":[{\"@type\":\"ReadAction\",\"target\":[\"https:\\\/\\\/www.lacasagrande.net\\\/en\\\/arcos-and-surroundings\\\/\"]}]},{\"@type\":\"BreadcrumbList\",\"@id\":\"https:\\\/\\\/www.lacasagrande.net\\\/en\\\/arcos-and-surroundings\\\/#breadcrumb\",\"itemListElement\":[{\"@type\":\"ListItem\",\"position\":1,\"name\":\"Portada\",\"item\":\"https:\\\/\\\/www.lacasagrande.net\\\/en\\\/\"},{\"@type\":\"ListItem\",\"position\":2,\"name\":\"Arcos and Surroundings\"}]},{\"@type\":\"WebSite\",\"@id\":\"https:\\\/\\\/www.lacasagrande.net\\\/#website\",\"url\":\"https:\\\/\\\/www.lacasagrande.net\\\/\",\"name\":\"La Casa Grande\",\"description\":\"Arcos de la Frontera. Hotel Boutique\",\"publisher\":{\"@id\":\"https:\\\/\\\/www.lacasagrande.net\\\/#organization\"},\"alternateName\":\"Hotel La Casa Grande\",\"potentialAction\":[{\"@type\":\"SearchAction\",\"target\":{\"@type\":\"EntryPoint\",\"urlTemplate\":\"https:\\\/\\\/www.lacasagrande.net\\\/?s={search_term_string}\"},\"query-input\":{\"@type\":\"PropertyValueSpecification\",\"valueRequired\":true,\"valueName\":\"search_term_string\"}}],\"inLanguage\":\"en-US\"},{\"@type\":\"Organization\",\"@id\":\"https:\\\/\\\/www.lacasagrande.net\\\/#organization\",\"name\":\"Hotel La Casa Grande. Cadiz. Arcos de la Frontera\",\"alternateName\":\"Hotel La Casa Grande\",\"url\":\"https:\\\/\\\/www.lacasagrande.net\\\/\",\"logo\":{\"@type\":\"ImageObject\",\"inLanguage\":\"en-US\",\"@id\":\"https:\\\/\\\/www.lacasagrande.net\\\/#\\\/schema\\\/logo\\\/image\\\/\",\"url\":\"https:\\\/\\\/www.lacasagrande.net\\\/wp-content\\\/uploads\\\/2017\\\/03\\\/lacasagrande.svg\",\"contentUrl\":\"https:\\\/\\\/www.lacasagrande.net\\\/wp-content\\\/uploads\\\/2017\\\/03\\\/lacasagrande.svg\",\"width\":1,\"height\":1,\"caption\":\"Hotel La Casa Grande. Cadiz. Arcos de la Frontera\"},\"image\":{\"@id\":\"https:\\\/\\\/www.lacasagrande.net\\\/#\\\/schema\\\/logo\\\/image\\\/\"},\"sameAs\":[\"https:\\\/\\\/www.facebook.com\\\/La-Casa-Grande-de-Arcos-158477297524954\"]}]}<\/script>\n<!-- \/ Yoast SEO plugin. -->","yoast_head_json":{"title":"Arcos and Surroundings - La Casa Grande","robots":{"index":"index","follow":"follow","max-snippet":"max-snippet:-1","max-image-preview":"max-image-preview:large","max-video-preview":"max-video-preview:-1"},"canonical":"https:\/\/www.lacasagrande.net\/en\/arcos-and-surroundings\/","og_locale":"en_US","og_type":"article","og_title":"Arcos and Surroundings - La Casa Grande","og_description":"[vc_row full_width=&#8221;stretch_row_content_no_spaces&#8221;][vc_column][vc_column_text] Countless walks are awaiting. The white villages &#8211; perched picturesquely along the mountain range &#8211; start with Arcos. Whitewashed landscapes and unbeatable local handmade goods [\/vc_column_text][\/vc_column][\/vc_row][vc_row el_class=&#8221;cg-section&#8221; el_id=&#8221;arcos&#8221;][vc_column][vc_column_text] Arcos de la Frontera Arcos, birthplace of poets and its inspiration, deserves to be discovered slowly through leisury walks. The name &#8220;de la Frontera&#8221; (&hellip;","og_url":"https:\/\/www.lacasagrande.net\/en\/arcos-and-surroundings\/","og_site_name":"La Casa Grande","article_publisher":"https:\/\/www.facebook.com\/La-Casa-Grande-de-Arcos-158477297524954","article_modified_time":"2017-06-01T20:34:58+00:00","og_image":[{"width":1600,"height":941,"url":"https:\/\/www.lacasagrande.net\/wp-content\/uploads\/2017\/03\/patio-home.jpg","type":"image\/jpeg"}],"twitter_card":"summary_large_image","twitter_misc":{"Est. reading time":"4 minutes"},"schema":{"@context":"https:\/\/schema.org","@graph":[{"@type":"WebPage","@id":"https:\/\/www.lacasagrande.net\/en\/arcos-and-surroundings\/","url":"https:\/\/www.lacasagrande.net\/en\/arcos-and-surroundings\/","name":"Arcos and Surroundings - La Casa Grande","isPartOf":{"@id":"https:\/\/www.lacasagrande.net\/#website"},"datePublished":"2017-02-28T17:32:54+00:00","dateModified":"2017-06-01T20:34:58+00:00","breadcrumb":{"@id":"https:\/\/www.lacasagrande.net\/en\/arcos-and-surroundings\/#breadcrumb"},"inLanguage":"en-US","potentialAction":[{"@type":"ReadAction","target":["https:\/\/www.lacasagrande.net\/en\/arcos-and-surroundings\/"]}]},{"@type":"BreadcrumbList","@id":"https:\/\/www.lacasagrande.net\/en\/arcos-and-surroundings\/#breadcrumb","itemListElement":[{"@type":"ListItem","position":1,"name":"Portada","item":"https:\/\/www.lacasagrande.net\/en\/"},{"@type":"ListItem","position":2,"name":"Arcos and Surroundings"}]},{"@type":"WebSite","@id":"https:\/\/www.lacasagrande.net\/#website","url":"https:\/\/www.lacasagrande.net\/","name":"La Casa Grande","description":"Arcos de la Frontera. Hotel Boutique","publisher":{"@id":"https:\/\/www.lacasagrande.net\/#organization"},"alternateName":"Hotel La Casa Grande","potentialAction":[{"@type":"SearchAction","target":{"@type":"EntryPoint","urlTemplate":"https:\/\/www.lacasagrande.net\/?s={search_term_string}"},"query-input":{"@type":"PropertyValueSpecification","valueRequired":true,"valueName":"search_term_string"}}],"inLanguage":"en-US"},{"@type":"Organization","@id":"https:\/\/www.lacasagrande.net\/#organization","name":"Hotel La Casa Grande. Cadiz. Arcos de la Frontera","alternateName":"Hotel La Casa Grande","url":"https:\/\/www.lacasagrande.net\/","logo":{"@type":"ImageObject","inLanguage":"en-US","@id":"https:\/\/www.lacasagrande.net\/#\/schema\/logo\/image\/","url":"https:\/\/www.lacasagrande.net\/wp-content\/uploads\/2017\/03\/lacasagrande.svg","contentUrl":"https:\/\/www.lacasagrande.net\/wp-content\/uploads\/2017\/03\/lacasagrande.svg","width":1,"height":1,"caption":"Hotel La Casa Grande. Cadiz. Arcos de la Frontera"},"image":{"@id":"https:\/\/www.lacasagrande.net\/#\/schema\/logo\/image\/"},"sameAs":["https:\/\/www.facebook.com\/La-Casa-Grande-de-Arcos-158477297524954"]}]}},"_links":{"self":[{"href":"https:\/\/www.lacasagrande.net\/en\/wp-json\/wp\/v2\/pages\/604","targetHints":{"allow":["GET"]}}],"collection":[{"href":"https:\/\/www.lacasagrande.net\/en\/wp-json\/wp\/v2\/pages"}],"about":[{"href":"https:\/\/www.lacasagrande.net\/en\/wp-json\/wp\/v2\/types\/page"}],"author":[{"embeddable":true,"href":"https:\/\/www.lacasagrande.net\/en\/wp-json\/wp\/v2\/users\/1"}],"replies":[{"embeddable":true,"href":"https:\/\/www.lacasagrande.net\/en\/wp-json\/wp\/v2\/comments?post=604"}],"version-history":[{"count":0,"href":"https:\/\/www.lacasagrande.net\/en\/wp-json\/wp\/v2\/pages\/604\/revisions"}],"wp:attachment":[{"href":"https:\/\/www.lacasagrande.net\/en\/wp-json\/wp\/v2\/media?parent=604"}],"curies":[{"name":"wp","href":"https:\/\/api.w.org\/{rel}","templated":true}]}}